{"id":123,"date":"2019-07-31T18:52:15","date_gmt":"2019-07-31T18:52:15","guid":{"rendered":"http:\/\/marburger-chor.de\/?page_id=123"},"modified":"2026-01-27T15:38:20","modified_gmt":"2026-01-27T15:38:20","slug":"mach-mit","status":"publish","type":"page","link":"https:\/\/marburger-chor.de\/?page_id=123","title":{"rendered":"Mach mit"},"content":{"rendered":"\n<figure class=\"wp-block-image size-full is-resized\"><img loading=\"lazy\" decoding=\"async\" width=\"595\" height=\"829\" src=\"https:\/\/marburger-chor.de\/wp-content\/uploads\/2026\/01\/Flyer-neu.png\" alt=\"\" class=\"wp-image-784\" style=\"width:512px;height:732px\" srcset=\"https:\/\/marburger-chor.de\/wp-content\/uploads\/2026\/01\/Flyer-neu.png 595w, https:\/\/marburger-chor.de\/wp-content\/uploads\/2026\/01\/Flyer-neu-215x300.png 215w\" sizes=\"auto, (max-width: 595px) 100vw, 595px\" \/><\/figure>\n\n\n\n<h2 class=\"wp-block-heading\"><strong>Warum du im Marburger Chor mitsingen solltest!<\/strong><\/h2>\n\n\n\n<p>Singen ist gesund. Dank  aktueller schwedischer Forschungsergebnisse wissen wir, dass sich beim gemeinsamen Singen im Chor der Herzschlag der S\u00e4nger vereinheitlicht, dass die Atmung vertieft wird, dass sich die Laune messbar hebt, dass wir Demenz vorbeugen und die Gehirnh\u00e4lften optimal miteinander verkn\u00fcpfen! Sind das die tats\u00e4chlichen Gr\u00fcnde? Lassen wir doch mal S\u00e4ngerinnen und S\u00e4nger zu Wort kommen.<\/p>\n\n\n\n<p><strong>Wir\nsingen im Chor, weil\u2026<\/strong><\/p>\n\n\n\n<p>\u2026 es nichts Sch\u00f6neres gibt!<\/p>\n\n\n\n<p>\u2026 manche Texte Kraft geben!<\/p>\n\n\n\n<p>\u2026 es froh macht, mit anderen\ngemeinsam dem Alltagsstress zu entfliehen!<\/p>\n\n\n\n<p>\u2026 Singen gl\u00fccklich macht!<\/p>\n\n\n\n<p>\u2026 ein Leben ohne Chor m\u00f6glich,\naber sinnlos ist! (frei nach Loriot)<\/p>\n\n\n\n<p>\u2026 Singen Spa\u00df macht!<\/p>\n\n\n\n<p>&#8230;.man Gl\u00fccksmomente erleben kann, wenn die Stimmen verschmelzen!  <\/p>\n\n\n\n<p>&#8230;.man nicht mehr h\u00f6rt, wo die eigene Stimme aufh\u00f6rt und die andere anf\u00e4ngt!<\/p>\n\n\n\n<p>\u2026 Perfektion und reine Intonation\nder reinste Genuss sind!<\/p>\n\n\n\n<p>\u2026 man gemeinsam etwas Gro\u00dfartiges\nerarbeiten und auff\u00fchren kann!<\/p>\n\n\n\n<p>\u2026 man f\u00fchlt, dass das Ganze mehr\nist, als die Summe seiner Teile!<\/p>\n\n\n\n<p>\u2026 Chorsingen Ausgleich,\nMotivation und Weiterbildung bedeutet!<\/p>\n\n\n\n<p>\u2026 ohne Singen nichts im Leben\ngeht!<\/p>\n\n\n\n<p>\u2026 man GEMEINSAM Spa\u00df haben kann!<\/p>\n\n\n\n<p>\u2026 Singen jung h\u00e4lt!<\/p>\n\n\n\n<p>\u2026 man seine Liebe zur Musik mit\nanderen teilen kann!<\/p>\n\n\n\n<p>\u2026 man echten Zusammenhalt erleben\nkann!<\/p>\n\n\n\n<p>\u2026 egal, wie die Woche war, nach\nder Probe alles wieder gut ist!<\/p>\n\n\n\n<p>\u2026 man wunderbare Menschen trifft!<\/p>\n\n\n\n<p>\u2026 Singen Therapie ist!<\/p>\n\n\n\n<p>\u2026 Singen verlorene Energie zur\u00fcck\nbringt!<\/p>\n\n\n\n<p>\u2026 weil Chorsingen weder\nlangweilig noch konservativ, spie\u00dfig oder unm\u00e4nnlich ist!<\/p>\n\n\n\n<p>\u2026 Singen pures Anti-Aging ist!<\/p>\n\n\n\n<p>\u2026 Singen gegen Falten wirkt!<\/p>\n\n\n\n<p>\u2026 Singen Stimmenverlust im Alter\nvorbeugt!<\/p>\n\n\n\n<p>\u2026 Singen Gehirnjogging ist!<\/p>\n\n\n\n<p>\u2026 man durch Freude Freunde gewinnt!<\/p>\n\n\n\n<p><\/p>\n","protected":false},"excerpt":{"rendered":"<p>Warum du im Marburger Chor mitsingen solltest! Singen ist gesund. Dank aktueller schwedischer Forschungsergebnisse wissen wir, dass sich beim gemeinsamen Singen im Chor der Herzschlag der S\u00e4nger vereinheitlicht, dass die Atmung vertieft wird, dass sich die Laune messbar hebt, dass &hellip; <a href=\"https:\/\/marburger-chor.de\/?page_id=123\">Weiterlesen <span class=\"meta-nav\">&rarr;<\/span><\/a><\/p>\n","protected":false},"author":1,"featured_media":0,"parent":0,"menu_order":0,"comment_status":"closed","ping_status":"closed","template":"","meta":{"footnotes":""},"class_list":["post-123","page","type-page","status-publish","hentry"],"_links":{"self":[{"href":"https:\/\/marburger-chor.de\/index.php?rest_route=\/wp\/v2\/pages\/123","targetHints":{"allow":["GET"]}}],"collection":[{"href":"https:\/\/marburger-chor.de\/index.php?rest_route=\/wp\/v2\/pages"}],"about":[{"href":"https:\/\/marburger-chor.de\/index.php?rest_route=\/wp\/v2\/types\/page"}],"author":[{"embeddable":true,"href":"https:\/\/marburger-chor.de\/index.php?rest_route=\/wp\/v2\/users\/1"}],"replies":[{"embeddable":true,"href":"https:\/\/marburger-chor.de\/index.php?rest_route=%2Fwp%2Fv2%2Fcomments&post=123"}],"version-history":[{"count":10,"href":"https:\/\/marburger-chor.de\/index.php?rest_route=\/wp\/v2\/pages\/123\/revisions"}],"predecessor-version":[{"id":785,"href":"https:\/\/marburger-chor.de\/index.php?rest_route=\/wp\/v2\/pages\/123\/revisions\/785"}],"wp:attachment":[{"href":"https:\/\/marburger-chor.de\/index.php?rest_route=%2Fwp%2Fv2%2Fmedia&parent=123"}],"curies":[{"name":"wp","href":"https:\/\/api.w.org\/{rel}","templated":true}]}}