{"id":8,"date":"2019-07-31T18:52:14","date_gmt":"2019-07-31T18:52:14","guid":{"rendered":"http:\/\/marburger-chor.de\/?page_id=8"},"modified":"2024-06-30T18:00:06","modified_gmt":"2024-06-30T18:00:06","slug":"ueber-uns","status":"publish","type":"page","link":"https:\/\/marburger-chor.de\/?page_id=8","title":{"rendered":"\u00dcber uns"},"content":{"rendered":"\n<figure class=\"wp-block-image size-large\"><img loading=\"lazy\" decoding=\"async\" width=\"1024\" height=\"463\" src=\"https:\/\/marburger-chor.de\/wp-content\/uploads\/2024\/06\/ok-1024x463.jpg\" alt=\"\" class=\"wp-image-740\" srcset=\"https:\/\/marburger-chor.de\/wp-content\/uploads\/2024\/06\/ok-1024x463.jpg 1024w, https:\/\/marburger-chor.de\/wp-content\/uploads\/2024\/06\/ok-300x136.jpg 300w, https:\/\/marburger-chor.de\/wp-content\/uploads\/2024\/06\/ok-768x348.jpg 768w, https:\/\/marburger-chor.de\/wp-content\/uploads\/2024\/06\/ok-1536x695.jpg 1536w, https:\/\/marburger-chor.de\/wp-content\/uploads\/2024\/06\/ok-500x226.jpg 500w, https:\/\/marburger-chor.de\/wp-content\/uploads\/2024\/06\/ok.jpg 1600w\" sizes=\"auto, (max-width: 1024px) 100vw, 1024px\" \/><\/figure>\n\n\n\n<p><strong>Wir freuen uns, dass du dich f\u00fcr unseren &#8222;Marburger Chor&#8220; interessierst . Wir sind ein Chor mit Tradition seit 1949 \u2013 und doch modern!<br>Wir sind ein aufstrebender Chor und konnten schon viele neue S\u00e4ngerinnen und S\u00e4nger gewinnen.<\/strong><\/p>\n\n\n\n<p><\/p>\n\n\n\n<figure class=\"wp-block-embed is-type-video is-provider-youtube wp-block-embed-youtube wp-embed-aspect-16-9 wp-has-aspect-ratio\"><div class=\"wp-block-embed__wrapper\">\n<iframe loading=\"lazy\" title=\"Marburger Chor 1949\" width=\"584\" height=\"329\" src=\"https:\/\/www.youtube.com\/embed\/Mzt85i91SD4?feature=oembed\" frameborder=\"0\" allow=\"accelerometer; autoplay; clipboard-write; encrypted-media; gyroscope; picture-in-picture; web-share\" referrerpolicy=\"strict-origin-when-cross-origin\" allowfullscreen><\/iframe>\n<\/div><\/figure>\n\n\n\n<p>Komm einfach mal vorbei, sing mit uns und lerne  uns kennen! <\/p>\n\n\n\n<p><strong>Wir freuen uns \u00fcber jede neue S\u00e4ngerin und jeden neuen S\u00e4nger.<\/strong><\/p>\n\n\n\n<h2 class=\"wp-block-heading\">Wichtige Informationen<\/h2>\n\n\n\n<div class=\"wp-block-media-text alignwide has-media-on-the-right is-stacked-on-mobile\" style=\"grid-template-columns:auto 35%\"><div class=\"wp-block-media-text__content\">\n<h2 class=\"wp-block-heading\"><strong>Chorproben:&nbsp; mittwochs von 19.00 -21.00 Uhr<\/strong><\/h2>\n\n\n\n<figure class=\"wp-block-pullquote has-small-font-size\"><blockquote><p>Raum der Hansenhaus Gemeinde, <br>Gerhart-Hauptmann-Str.1<\/p><\/blockquote><\/figure>\n\n\n\n<p><\/p>\n<\/div><figure class=\"wp-block-media-text__media\"><img loading=\"lazy\" decoding=\"async\" width=\"321\" height=\"201\" src=\"http:\/\/marburger-chor.de\/wp-content\/uploads\/2019\/08\/LOGO-neu.jpg\" alt=\"\" class=\"wp-image-242 size-full\" srcset=\"https:\/\/marburger-chor.de\/wp-content\/uploads\/2019\/08\/LOGO-neu.jpg 321w, https:\/\/marburger-chor.de\/wp-content\/uploads\/2019\/08\/LOGO-neu-300x188.jpg 300w\" sizes=\"auto, (max-width: 321px) 100vw, 321px\" \/><\/figure><\/div>\n\n\n\n<h2 class=\"wp-block-heading\"> Vorstand und Chorleiter<\/h2>\n\n\n\n<p>Wir sind ein tolles Team und arbeiten gern zusammen. Bei Fragen bez\u00fcglich des Chores, kannst du dich gern an uns wenden. (siehe Kontakte)<\/p>\n\n\n\n<figure class=\"wp-block-image size-large\"><img loading=\"lazy\" decoding=\"async\" width=\"1024\" height=\"682\" src=\"https:\/\/marburger-chor.de\/wp-content\/uploads\/2024\/06\/IMG-20240517-WA0007-1024x682.jpg\" alt=\"\" class=\"wp-image-742\" srcset=\"https:\/\/marburger-chor.de\/wp-content\/uploads\/2024\/06\/IMG-20240517-WA0007-1024x682.jpg 1024w, https:\/\/marburger-chor.de\/wp-content\/uploads\/2024\/06\/IMG-20240517-WA0007-300x200.jpg 300w, https:\/\/marburger-chor.de\/wp-content\/uploads\/2024\/06\/IMG-20240517-WA0007-768x512.jpg 768w, https:\/\/marburger-chor.de\/wp-content\/uploads\/2024\/06\/IMG-20240517-WA0007-1536x1023.jpg 1536w, https:\/\/marburger-chor.de\/wp-content\/uploads\/2024\/06\/IMG-20240517-WA0007-450x300.jpg 450w, https:\/\/marburger-chor.de\/wp-content\/uploads\/2024\/06\/IMG-20240517-WA0007.jpg 1600w\" sizes=\"auto, (max-width: 1024px) 100vw, 1024px\" \/><figcaption class=\"wp-element-caption\">von links:Monika Holzhausen (1.Vorsitzende), B\u00e4rbel Bechstein-Rinke (Beisitzerin), Gabi Brauns (Beisitzerin) Claudia Gerike (Kassiererin) Claudia Maurer (Schriftf\u00fchrerin), Andreas Ludolph (Beisitzer), Anselm Richter (Chorleiter und 2. Vorsitzender)<\/figcaption><\/figure>\n\n\n\n<h2 class=\"wp-block-heading\">Unser Chor<\/h2>\n\n\n\n<p>Der \u201eMarburger Chor\u201c ist ein lebendiger Chor, der sowohl musikalischen Anf\u00e4ngern als auch Fortgeschrittenen die Gelegenheit bietet, unter fachkundiger Leitung unseres Chorleiters, Anselm Richter, die Freude am Singen in einer Gemeinschaft zu erfahren.<\/p>\n\n\n\n<div class=\"wp-block-media-text alignwide is-stacked-on-mobile\"><figure class=\"wp-block-media-text__media\"><img loading=\"lazy\" decoding=\"async\" width=\"846\" height=\"590\" src=\"http:\/\/marburger-chor.de\/wp-content\/uploads\/2019\/07\/Word-Art-21.jpg\" alt=\"\" class=\"wp-image-120 size-full\" srcset=\"https:\/\/marburger-chor.de\/wp-content\/uploads\/2019\/07\/Word-Art-21.jpg 846w, https:\/\/marburger-chor.de\/wp-content\/uploads\/2019\/07\/Word-Art-21-300x209.jpg 300w, https:\/\/marburger-chor.de\/wp-content\/uploads\/2019\/07\/Word-Art-21-768x536.jpg 768w, https:\/\/marburger-chor.de\/wp-content\/uploads\/2019\/07\/Word-Art-21-430x300.jpg 430w\" sizes=\"auto, (max-width: 846px) 100vw, 846px\" \/><\/figure><div class=\"wp-block-media-text__content\">\n<p>Der \u201eMarburger Chor\u201c besteht derzeit aus 35 aktiven S\u00e4ngerinnen und S\u00e4ngern, die sich jeden Mittwoch von 19.00 Uhr bis 21.00 Uhr in den Gemeinschaftsr\u00e4umen der Hansenhaus-Gemeinde, Gerhart-Hauptmann-Stra\u00dfe 1, treffen.<\/p>\n<\/div><\/div>\n\n\n\n<p>F\u00fcr das Singen in unserem Chor braucht es nicht unbedingt musikalische Vorkenntnisse, aber die Bereitschaft zu neuen Herausforderungen und das Interesse an musikalischer Weiterbildung. Dazu geh\u00f6ren regelm\u00e4\u00dfige Proben jeden Mittwoch und Lust, bei Konzerten und kleineren Auftritten mitzuwirken. Jeder kann bei der Repertoireauswahl mitwirken, das macht bei uns nicht der Chorleiter alleine.<\/p>\n","protected":false},"excerpt":{"rendered":"<p>Wir freuen uns, dass du dich f\u00fcr unseren &#8222;Marburger Chor&#8220; interessierst . Wir sind ein Chor mit Tradition seit 1949 \u2013 und doch modern!Wir sind ein aufstrebender Chor und konnten schon viele neue S\u00e4ngerinnen und S\u00e4nger gewinnen. Komm einfach mal &hellip; <a href=\"https:\/\/marburger-chor.de\/?page_id=8\">Weiterlesen <span class=\"meta-nav\">&rarr;<\/span><\/a><\/p>\n","protected":false},"author":1,"featured_media":0,"parent":0,"menu_order":0,"comment_status":"closed","ping_status":"closed","template":"","meta":{"footnotes":""},"class_list":["post-8","page","type-page","status-publish","hentry"],"_links":{"self":[{"href":"https:\/\/marburger-chor.de\/index.php?rest_route=\/wp\/v2\/pages\/8","targetHints":{"allow":["GET"]}}],"collection":[{"href":"https:\/\/marburger-chor.de\/index.php?rest_route=\/wp\/v2\/pages"}],"about":[{"href":"https:\/\/marburger-chor.de\/index.php?rest_route=\/wp\/v2\/types\/page"}],"author":[{"embeddable":true,"href":"https:\/\/marburger-chor.de\/index.php?rest_route=\/wp\/v2\/users\/1"}],"replies":[{"embeddable":true,"href":"https:\/\/marburger-chor.de\/index.php?rest_route=%2Fwp%2Fv2%2Fcomments&post=8"}],"version-history":[{"count":41,"href":"https:\/\/marburger-chor.de\/index.php?rest_route=\/wp\/v2\/pages\/8\/revisions"}],"predecessor-version":[{"id":760,"href":"https:\/\/marburger-chor.de\/index.php?rest_route=\/wp\/v2\/pages\/8\/revisions\/760"}],"wp:attachment":[{"href":"https:\/\/marburger-chor.de\/index.php?rest_route=%2Fwp%2Fv2%2Fmedia&parent=8"}],"curies":[{"name":"wp","href":"https:\/\/api.w.org\/{rel}","templated":true}]}}